{"id":13,"date":"2022-11-26T16:04:03","date_gmt":"2022-11-26T16:04:03","guid":{"rendered":"https:\/\/agroviajar.es\/?page_id=13"},"modified":"2022-12-13T09:56:59","modified_gmt":"2022-12-13T09:56:59","slug":"agroturismo","status":"publish","type":"page","link":"https:\/\/agroviajar.es\/en\/","title":{"rendered":"Agritourism"},"content":{"rendered":"\n<p>El agroturismo es una combinaci\u00f3n de agricultura y turismo, lo que permite visitar granjas agr\u00edcolas,<br>vea la vida rural y experimente por s\u00ed mismo, as\u00ed como participe en el trabajo agr\u00edcola diario.<\/p>\n\n\n\n<p>El agroturismo tiene por objeto ofrecer servicios tur\u00edsticos que se prestan de forma complementaria a la actividad principal.<br>Es la organizaci\u00f3n del alojamiento y las comidas, as\u00ed como otras actividades activas relacionadas con las caracter\u00edsticas de la agricultura.<\/p>\n\n\n\n<p>La dieta consiste en alimentos cultivados en los campos de los agricultores. La comida suele ser casera.<br>B\u00e1sicamente, los propietarios no compran verduras y frutas en los puntos de venta; esta es la especificidad del servicio.<\/p>\n\n\n\n<figure class=\"wp-block-image size-large\"><img loading=\"lazy\" decoding=\"async\" width=\"1024\" height=\"806\" src=\"https:\/\/agroviajar.es\/wp-content\/uploads\/2022\/12\/IMG-20221014-WA0026-e1670182022776-1024x806.jpg\" alt=\"\" class=\"wp-image-37\" srcset=\"https:\/\/agroviajar.es\/wp-content\/uploads\/2022\/12\/IMG-20221014-WA0026-e1670182022776-1024x806.jpg 1024w, https:\/\/agroviajar.es\/wp-content\/uploads\/2022\/12\/IMG-20221014-WA0026-e1670182022776-300x236.jpg 300w, https:\/\/agroviajar.es\/wp-content\/uploads\/2022\/12\/IMG-20221014-WA0026-e1670182022776-768x604.jpg 768w, https:\/\/agroviajar.es\/wp-content\/uploads\/2022\/12\/IMG-20221014-WA0026-e1670182022776.jpg 1200w\" sizes=\"auto, (max-width: 1024px) 100vw, 1024px\" \/><\/figure>\n\n\n\n<p>Hoy en d\u00eda, el agroturismo est\u00e1 experimentando un aumento de popularidad. La humanidad est\u00e1 cansada de la agitada vida de las megaciudades y se esfuerza por volver a la naturaleza.<br>Aire limpio, productos naturales, sitios hist\u00f3ricos, valores culturales: todo esto ayuda a los ciudadanos a tomar un descanso del ajetreo y el bullicio habituales.<br>aprenda algo nuevo sobre la vida del interior, \u00fanase a las tradiciones populares.<br>Sin embargo, no todas las personas pueden abandonar la civilizaci\u00f3n por mudarse a la aldea para siempre. Otra cosa son unas vacaciones en el seno de la naturaleza.<\/p>\n\n\n\n<p>Para ver c\u00f3mo crecen las uvas, d\u00f3nde pastan las ovejas y c\u00f3mo se hace el queso real, para muchos habitantes de la ciudad, todo esto es realmente ex\u00f3tico.<br>No es de extra\u00f1ar que cada a\u00f1o m\u00e1s y m\u00e1s personas se interesen por el agroturismo.<br>Los residentes de las megaciudades se van a vivir a una granja, aprenden a cuidar ovejas y gallinas, orde\u00f1an cabras y cosechan aceitunas, hacen crema agria y vino casero por su cuenta.<br>Las ventajas son muy tangibles: un cambio de escenario, aire fresco, nuevas habilidades.<\/p>\n\n\n\n<figure class=\"wp-block-image size-large\"><img loading=\"lazy\" decoding=\"async\" width=\"1024\" height=\"576\" src=\"https:\/\/agroviajar.es\/wp-content\/uploads\/2022\/12\/IMG-20221014-WA0031-1-1024x576.jpg\" alt=\"\" class=\"wp-image-83\" srcset=\"https:\/\/agroviajar.es\/wp-content\/uploads\/2022\/12\/IMG-20221014-WA0031-1-1024x576.jpg 1024w, https:\/\/agroviajar.es\/wp-content\/uploads\/2022\/12\/IMG-20221014-WA0031-1-300x169.jpg 300w, https:\/\/agroviajar.es\/wp-content\/uploads\/2022\/12\/IMG-20221014-WA0031-1-768x432.jpg 768w, https:\/\/agroviajar.es\/wp-content\/uploads\/2022\/12\/IMG-20221014-WA0031-1-1536x864.jpg 1536w, https:\/\/agroviajar.es\/wp-content\/uploads\/2022\/12\/IMG-20221014-WA0031-1.jpg 1600w\" sizes=\"auto, (max-width: 1024px) 100vw, 1024px\" \/><\/figure>\n\n\n\n<p>Datos publicados por estad\u00edsticos agr\u00edcolas de la UE<br>que el agroturismo en el campo o unas vacaciones en una finca ocupan un honroso segundo lugar<br>entre otras opciones de viajes de vacaciones o fines de semana.<br>Al mismo tiempo, los espacios ecol\u00f3gicos que han ido apareciendo est\u00e1n ganando cada vez m\u00e1s \u00e9xito entre la gente del pueblo.<\/p>\n\n\n\n<p>El agroturismo con ni\u00f1os da todas las oportunidades para sesiones de fotos.<br>La naturaleza lujosa te permite crear zonas de fotos coloridas.<br>Puedes usar pollos, cabras, ovejas o conejos esponjosos para disparar.<br>Si es necesario, los invitados vienen con su propio fot\u00f3grafo.<br>Fotos infantiles brillantes con conejos o una sesi\u00f3n de fotos de estilo hippie: no importa lo que elijan los vacacionistas o los trabajadores, \u00a1el resultado supera cualquier expectativa!<\/p>\n\n\n\n<figure class=\"wp-block-image size-large\"><img loading=\"lazy\" decoding=\"async\" width=\"1024\" height=\"461\" src=\"https:\/\/agroviajar.es\/wp-content\/uploads\/2022\/12\/20220513_103231-1024x461.jpg\" alt=\"\" class=\"wp-image-84\" srcset=\"https:\/\/agroviajar.es\/wp-content\/uploads\/2022\/12\/20220513_103231-1024x461.jpg 1024w, https:\/\/agroviajar.es\/wp-content\/uploads\/2022\/12\/20220513_103231-300x135.jpg 300w, https:\/\/agroviajar.es\/wp-content\/uploads\/2022\/12\/20220513_103231-768x346.jpg 768w, https:\/\/agroviajar.es\/wp-content\/uploads\/2022\/12\/20220513_103231-1536x692.jpg 1536w, https:\/\/agroviajar.es\/wp-content\/uploads\/2022\/12\/20220513_103231-2048x922.jpg 2048w\" sizes=\"auto, (max-width: 1024px) 100vw, 1024px\" \/><\/figure>\n\n\n\n<p>A las personas mayores les gusta cambiar de ambiente y de sus actividades habituales.<br>Los j\u00f3venes eligen el agroturismo en la finca, ya que abre oportunidades para nuevos conocidos.<\/p>\n\n\n\n<p class=\"has-text-align-center\"><\/p>\n","protected":false},"excerpt":{"rendered":"<p>El agroturismo es una combinaci\u00f3n de agricultura y turismo, lo que permite visitar granjas agr\u00edcolas,vea la vida rural y experimente por s\u00ed mismo, as\u00ed como participe en el trabajo agr\u00edcola diario. El agroturismo tiene por objeto ofrecer servicios tur\u00edsticos que se prestan de forma complementaria a la actividad principal.Es la organizaci\u00f3n del alojamiento y las comidas, as\u00ed como otras actividades [&hellip;]<\/p>\n","protected":false},"author":1,"featured_media":0,"parent":0,"menu_order":0,"comment_status":"closed","ping_status":"closed","template":"","meta":{"footnotes":""},"class_list":["post-13","page","type-page","status-publish","hentry"],"translation":{"provider":"WPGlobus","version":"3.0.2","language":"en","enabled_languages":["es","en","ru"],"languages":{"es":{"title":true,"content":true,"excerpt":false},"en":{"title":true,"content":false,"excerpt":false},"ru":{"title":true,"content":true,"excerpt":false}}},"_links":{"self":[{"href":"https:\/\/agroviajar.es\/en\/wp-json\/wp\/v2\/pages\/13","targetHints":{"allow":["GET"]}}],"collection":[{"href":"https:\/\/agroviajar.es\/en\/wp-json\/wp\/v2\/pages"}],"about":[{"href":"https:\/\/agroviajar.es\/en\/wp-json\/wp\/v2\/types\/page"}],"author":[{"embeddable":true,"href":"https:\/\/agroviajar.es\/en\/wp-json\/wp\/v2\/users\/1"}],"replies":[{"embeddable":true,"href":"https:\/\/agroviajar.es\/en\/wp-json\/wp\/v2\/comments?post=13"}],"version-history":[{"count":29,"href":"https:\/\/agroviajar.es\/en\/wp-json\/wp\/v2\/pages\/13\/revisions"}],"predecessor-version":[{"id":207,"href":"https:\/\/agroviajar.es\/en\/wp-json\/wp\/v2\/pages\/13\/revisions\/207"}],"wp:attachment":[{"href":"https:\/\/agroviajar.es\/en\/wp-json\/wp\/v2\/media?parent=13"}],"curies":[{"name":"wp","href":"https:\/\/api.w.org\/{rel}","templated":true}]}}